{"id":318,"date":"2025-04-17T14:37:01","date_gmt":"2025-04-17T12:37:01","guid":{"rendered":"https:\/\/scopandfolk.com\/?page_id=318"},"modified":"2026-04-24T12:17:43","modified_gmt":"2026-04-24T10:17:43","slug":"318-2","status":"publish","type":"page","link":"https:\/\/scopandfolk.com\/?page_id=318","title":{"rendered":"Clips"},"content":{"rendered":"\n\n\n<h2 class=\"wp-block-heading has-text-align-center has-kubio-color-1-color has-text-color has-link-color wp-elements-ae2223c2fb5503046caa7d73bd5a306d\"><strong>Clips<\/strong><\/h2>\n\n\n\n<figure class=\"wp-block-embed is-type-video is-provider-youtube wp-block-embed-youtube wp-embed-aspect-16-9 wp-has-aspect-ratio\" style=\"margin-top:var(--wp--preset--spacing--80);margin-bottom:var(--wp--preset--spacing--80)\"><div class=\"wp-block-embed__wrapper\">\n<iframe loading=\"lazy\" title=\"Shaggy Dogs  -  Your Love Is Dynamite  - clip officiel\" width=\"500\" height=\"281\" src=\"https:\/\/www.youtube.com\/embed\/cThn1m1FLxg?list=PL-f2H5v8wT02RlZ8V4YIWPLJUbQgsqInu\" frameborder=\"0\" allow=\"accelerometer; autoplay; clipboard-write; encrypted-media; gyroscope; picture-in-picture; web-share\" referrerpolicy=\"strict-origin-when-cross-origin\" allowfullscreen><\/iframe>\n<\/div><\/figure>\n\n\n\n<figure class=\"wp-block-embed is-type-video is-provider-youtube wp-block-embed-youtube wp-embed-aspect-16-9 wp-has-aspect-ratio\" style=\"margin-top:var(--wp--preset--spacing--80);margin-bottom:var(--wp--preset--spacing--80)\"><div class=\"wp-block-embed__wrapper\">\n<iframe loading=\"lazy\" title=\"Shaggy Dogs   Who&#039;s Gonna Vote ? - clip officiel\" width=\"500\" height=\"281\" src=\"https:\/\/www.youtube.com\/embed\/OFBv-2QPO94?list=PL-f2H5v8wT02RlZ8V4YIWPLJUbQgsqInu\" frameborder=\"0\" allow=\"accelerometer; autoplay; clipboard-write; encrypted-media; gyroscope; picture-in-picture; web-share\" referrerpolicy=\"strict-origin-when-cross-origin\" allowfullscreen><\/iframe>\n<\/div><\/figure>\n\n\n\n<figure class=\"wp-block-embed aligncenter is-type-video is-provider-youtube wp-block-embed-youtube wp-embed-aspect-16-9 wp-has-aspect-ratio\" style=\"margin-top:var(--wp--preset--spacing--80);margin-bottom:var(--wp--preset--spacing--80)\"><div class=\"wp-block-embed__wrapper\">\n<iframe loading=\"lazy\" title=\"St\u00e9phane PORTELLi - Juste Apr\u00e8s (Clip Officiel)\" width=\"500\" height=\"281\" src=\"https:\/\/www.youtube.com\/embed\/tF-R5-9sRnA?list=PL-f2H5v8wT02RlZ8V4YIWPLJUbQgsqInu\" frameborder=\"0\" allow=\"accelerometer; autoplay; clipboard-write; encrypted-media; gyroscope; picture-in-picture; web-share\" referrerpolicy=\"strict-origin-when-cross-origin\" allowfullscreen><\/iframe>\n<\/div><\/figure>\n\n\n\n<figure class=\"wp-block-embed aligncenter is-type-video is-provider-youtube wp-block-embed-youtube wp-embed-aspect-16-9 wp-has-aspect-ratio\" style=\"margin-top:var(--wp--preset--spacing--80);margin-bottom:var(--wp--preset--spacing--80)\"><div class=\"wp-block-embed__wrapper\">\n<iframe loading=\"lazy\" title=\"St\u00e9phane PORTELLi - Paradis Perdu (Clip officiel)\" width=\"500\" height=\"281\" src=\"https:\/\/www.youtube.com\/embed\/fyYI9MMsnWM?list=PL-f2H5v8wT02RlZ8V4YIWPLJUbQgsqInu\" frameborder=\"0\" allow=\"accelerometer; autoplay; clipboard-write; encrypted-media; gyroscope; picture-in-picture; web-share\" referrerpolicy=\"strict-origin-when-cross-origin\" allowfullscreen><\/iframe>\n<\/div><\/figure>\n\n\n\n<figure class=\"wp-block-embed aligncenter is-type-video is-provider-youtube wp-block-embed-youtube wp-embed-aspect-16-9 wp-has-aspect-ratio\"><div class=\"wp-block-embed__wrapper\">\n<iframe loading=\"lazy\" title=\"Monsieur Parall\u00e8le \/ La Filante \/ Clip officiel\" width=\"500\" height=\"281\" src=\"https:\/\/www.youtube.com\/embed\/OI7-ZGwrT_s?list=PL-f2H5v8wT02RlZ8V4YIWPLJUbQgsqInu\" frameborder=\"0\" allow=\"accelerometer; autoplay; clipboard-write; encrypted-media; gyroscope; picture-in-picture; web-share\" referrerpolicy=\"strict-origin-when-cross-origin\" allowfullscreen><\/iframe>\n<\/div><\/figure>\n\n\n\n<figure class=\"wp-block-embed aligncenter is-type-video is-provider-youtube wp-block-embed-youtube wp-embed-aspect-16-9 wp-has-aspect-ratio\" style=\"margin-top:var(--wp--preset--spacing--80);margin-bottom:var(--wp--preset--spacing--80)\"><div class=\"wp-block-embed__wrapper\">\n<iframe loading=\"lazy\" title=\"35 ans de Monsieur Parall\u00e8le \/ Je garde ma fin pour le d\u00e9sert \/ Directors Cut Remastered\" width=\"500\" height=\"281\" src=\"https:\/\/www.youtube.com\/embed\/Edj7nX2zZ-Q?list=PL-f2H5v8wT02RlZ8V4YIWPLJUbQgsqInu\" frameborder=\"0\" allow=\"accelerometer; autoplay; clipboard-write; encrypted-media; gyroscope; picture-in-picture; web-share\" referrerpolicy=\"strict-origin-when-cross-origin\" allowfullscreen><\/iframe>\n<\/div><\/figure>\n\n\n\n<figure class=\"wp-block-embed is-type-video is-provider-youtube wp-block-embed-youtube wp-embed-aspect-16-9 wp-has-aspect-ratio\"><div class=\"wp-block-embed__wrapper\">\n<iframe loading=\"lazy\" title=\"Monsieur Parall\u00e8le \/ Son Silence \/ clip officiel\" width=\"500\" height=\"281\" src=\"https:\/\/www.youtube.com\/embed\/nfAz1FR0LJ8?list=PL-f2H5v8wT02RlZ8V4YIWPLJUbQgsqInu\" frameborder=\"0\" allow=\"accelerometer; autoplay; clipboard-write; encrypted-media; gyroscope; picture-in-picture; web-share\" referrerpolicy=\"strict-origin-when-cross-origin\" allowfullscreen><\/iframe>\n<\/div><\/figure>\n\n\n\n<figure class=\"wp-block-embed aligncenter is-type-video is-provider-youtube wp-block-embed-youtube wp-embed-aspect-16-9 wp-has-aspect-ratio\" style=\"margin-top:var(--wp--preset--spacing--80);margin-bottom:var(--wp--preset--spacing--80)\"><div class=\"wp-block-embed__wrapper\">\n<iframe loading=\"lazy\" title=\"Monsieur Parall\u00e8le - Il s&#039;en va - clip officiel\" width=\"500\" height=\"281\" src=\"https:\/\/www.youtube.com\/embed\/-dyNwtgZ04E?list=PL-f2H5v8wT02RlZ8V4YIWPLJUbQgsqInu\" frameborder=\"0\" allow=\"accelerometer; autoplay; clipboard-write; encrypted-media; gyroscope; picture-in-picture; web-share\" referrerpolicy=\"strict-origin-when-cross-origin\" allowfullscreen><\/iframe>\n<\/div><\/figure>\n\n\n\n<figure class=\"wp-block-embed aligncenter is-type-video is-provider-youtube wp-block-embed-youtube wp-embed-aspect-16-9 wp-has-aspect-ratio\" style=\"margin-top:var(--wp--preset--spacing--80);margin-bottom:var(--wp--preset--spacing--80)\"><div class=\"wp-block-embed__wrapper\">\n<iframe loading=\"lazy\" title=\"Gaelle Buswel - Last Day (Official Video)\" width=\"500\" height=\"281\" src=\"https:\/\/www.youtube.com\/embed\/jduZN2yDGdQ?list=PL-f2H5v8wT02RlZ8V4YIWPLJUbQgsqInu\" frameborder=\"0\" allow=\"accelerometer; autoplay; clipboard-write; encrypted-media; gyroscope; picture-in-picture; web-share\" referrerpolicy=\"strict-origin-when-cross-origin\" allowfullscreen><\/iframe>\n<\/div><\/figure>\n\n\n\n<figure class=\"wp-block-embed aligncenter is-type-video is-provider-youtube wp-block-embed-youtube wp-embed-aspect-16-9 wp-has-aspect-ratio\"><div class=\"wp-block-embed__wrapper\">\n<iframe loading=\"lazy\" title=\"Gaelle Buswel - Your Journey (Official Video)\" width=\"500\" height=\"281\" src=\"https:\/\/www.youtube.com\/embed\/aZJUN1qYDEY?list=PL-f2H5v8wT02RlZ8V4YIWPLJUbQgsqInu\" frameborder=\"0\" allow=\"accelerometer; autoplay; clipboard-write; encrypted-media; gyroscope; picture-in-picture; web-share\" referrerpolicy=\"strict-origin-when-cross-origin\" allowfullscreen><\/iframe>\n<\/div><\/figure>\n\n\n\n<figure class=\"wp-block-embed aligncenter is-type-video is-provider-youtube wp-block-embed-youtube wp-embed-aspect-16-9 wp-has-aspect-ratio\" style=\"margin-top:var(--wp--preset--spacing--80);margin-bottom:var(--wp--preset--spacing--80)\"><div class=\"wp-block-embed__wrapper\">\n<iframe loading=\"lazy\" title=\"Gaelle Buswel  &quot;SO BLUE&quot; (official Music video) HD\" width=\"500\" height=\"281\" src=\"https:\/\/www.youtube.com\/embed\/cdGPtGOuWbg?list=PL-f2H5v8wT02RlZ8V4YIWPLJUbQgsqInu\" frameborder=\"0\" allow=\"accelerometer; autoplay; clipboard-write; encrypted-media; gyroscope; picture-in-picture; web-share\" referrerpolicy=\"strict-origin-when-cross-origin\" allowfullscreen><\/iframe>\n<\/div><\/figure>\n\n\n\n<figure class=\"wp-block-embed is-type-video is-provider-youtube wp-block-embed-youtube wp-embed-aspect-16-9 wp-has-aspect-ratio\"><div class=\"wp-block-embed__wrapper\">\n<iframe loading=\"lazy\" title=\"September Boy, Time After Time  - clip officiel\" width=\"500\" height=\"281\" src=\"https:\/\/www.youtube.com\/embed\/PO8aEBsnOGQ?feature=oembed\" frameborder=\"0\" allow=\"accelerometer; autoplay; clipboard-write; encrypted-media; gyroscope; picture-in-picture; web-share\" referrerpolicy=\"strict-origin-when-cross-origin\" allowfullscreen><\/iframe>\n<\/div><\/figure>\n\n\n\n<figure class=\"wp-block-embed aligncenter is-type-video is-provider-youtube wp-block-embed-youtube wp-embed-aspect-16-9 wp-has-aspect-ratio\" style=\"margin-top:var(--wp--preset--spacing--80);margin-bottom:var(--wp--preset--spacing--80)\"><div class=\"wp-block-embed__wrapper\">\n<iframe loading=\"lazy\" title=\"&quot;Alive&quot; September Boy\" width=\"500\" height=\"281\" src=\"https:\/\/www.youtube.com\/embed\/FUDnN1pFHwk?list=PL-f2H5v8wT02RlZ8V4YIWPLJUbQgsqInu\" frameborder=\"0\" allow=\"accelerometer; autoplay; clipboard-write; encrypted-media; gyroscope; picture-in-picture; web-share\" referrerpolicy=\"strict-origin-when-cross-origin\" allowfullscreen><\/iframe>\n<\/div><\/figure>\n\n\n\n<figure class=\"wp-block-embed aligncenter is-type-video is-provider-youtube wp-block-embed-youtube wp-embed-aspect-16-9 wp-has-aspect-ratio\" style=\"margin-top:var(--wp--preset--spacing--80);margin-bottom:var(--wp--preset--spacing--80)\"><div class=\"wp-block-embed__wrapper\">\n<iframe loading=\"lazy\" title=\"Yellow Sand - September Boy (feat Coralie Royer)\" width=\"500\" height=\"281\" src=\"https:\/\/www.youtube.com\/embed\/i8GfxwVeGUk?list=PL-f2H5v8wT02RlZ8V4YIWPLJUbQgsqInu\" frameborder=\"0\" allow=\"accelerometer; autoplay; clipboard-write; encrypted-media; gyroscope; picture-in-picture; web-share\" referrerpolicy=\"strict-origin-when-cross-origin\" allowfullscreen><\/iframe>\n<\/div><\/figure>\n\n\n\n<figure class=\"wp-block-embed is-type-video is-provider-youtube wp-block-embed-youtube wp-embed-aspect-16-9 wp-has-aspect-ratio\"><div class=\"wp-block-embed__wrapper\">\n<iframe loading=\"lazy\" title=\"September Boy - Downtown (official music video)\" width=\"500\" height=\"281\" src=\"https:\/\/www.youtube.com\/embed\/7nPmsscpjUQ?feature=oembed\" frameborder=\"0\" allow=\"accelerometer; autoplay; clipboard-write; encrypted-media; gyroscope; picture-in-picture; web-share\" referrerpolicy=\"strict-origin-when-cross-origin\" allowfullscreen><\/iframe>\n<\/div><\/figure>\n\n\n\n<figure class=\"wp-block-embed aligncenter is-type-video is-provider-youtube wp-block-embed-youtube wp-embed-aspect-16-9 wp-has-aspect-ratio\" style=\"margin-top:var(--wp--preset--spacing--80);margin-bottom:var(--wp--preset--spacing--80)\"><div class=\"wp-block-embed__wrapper\">\n<iframe loading=\"lazy\" title=\"Vinceman - Once a lover, twice a friend [Official Music Video]\" width=\"500\" height=\"281\" src=\"https:\/\/www.youtube.com\/embed\/H5jeFUa9UIc?list=PL-f2H5v8wT02RlZ8V4YIWPLJUbQgsqInu\" frameborder=\"0\" allow=\"accelerometer; autoplay; clipboard-write; encrypted-media; gyroscope; picture-in-picture; web-share\" referrerpolicy=\"strict-origin-when-cross-origin\" allowfullscreen><\/iframe>\n<\/div><\/figure>\n\n\n\n<figure class=\"wp-block-embed is-type-video is-provider-youtube wp-block-embed-youtube wp-embed-aspect-16-9 wp-has-aspect-ratio\"><div class=\"wp-block-embed__wrapper\">\n<iframe loading=\"lazy\" title=\"Holbrook - Nari Nari (Official Video)\" width=\"500\" height=\"281\" src=\"https:\/\/www.youtube.com\/embed\/1Cy68hopXp8?list=PL-f2H5v8wT02RlZ8V4YIWPLJUbQgsqInu\" frameborder=\"0\" allow=\"accelerometer; autoplay; clipboard-write; encrypted-media; gyroscope; picture-in-picture; web-share\" referrerpolicy=\"strict-origin-when-cross-origin\" allowfullscreen><\/iframe>\n<\/div><\/figure>\n\n\n\n<figure class=\"wp-block-embed is-type-video is-provider-youtube wp-block-embed-youtube wp-embed-aspect-16-9 wp-has-aspect-ratio\" style=\"margin-top:var(--wp--preset--spacing--80);margin-bottom:var(--wp--preset--spacing--80)\"><div class=\"wp-block-embed__wrapper\">\n<iframe loading=\"lazy\" title=\"C\u00e9line Bonacina Crystal Quartet - Crystal Rain - Clip Officiel\" width=\"500\" height=\"281\" src=\"https:\/\/www.youtube.com\/embed\/_GTHpo8e3u0?list=PL-f2H5v8wT02RlZ8V4YIWPLJUbQgsqInu\" frameborder=\"0\" allow=\"accelerometer; autoplay; clipboard-write; encrypted-media; gyroscope; picture-in-picture; web-share\" referrerpolicy=\"strict-origin-when-cross-origin\" allowfullscreen><\/iframe>\n<\/div><\/figure>\n\n\n\n<figure class=\"wp-block-embed is-type-video is-provider-youtube wp-block-embed-youtube wp-embed-aspect-16-9 wp-has-aspect-ratio\" style=\"margin-top:var(--wp--preset--spacing--80);margin-bottom:var(--wp--preset--spacing--80)\"><div class=\"wp-block-embed__wrapper\">\n<iframe loading=\"lazy\" title=\"The Shakin&#039; Mates   Mad Man Blues clip officiel\" width=\"500\" height=\"281\" src=\"https:\/\/www.youtube.com\/embed\/FW_52f-gbjs?list=PL-f2H5v8wT02RlZ8V4YIWPLJUbQgsqInu\" frameborder=\"0\" allow=\"accelerometer; autoplay; clipboard-write; encrypted-media; gyroscope; picture-in-picture; web-share\" referrerpolicy=\"strict-origin-when-cross-origin\" allowfullscreen><\/iframe>\n<\/div><\/figure>\n\n\n\n<figure class=\"wp-block-embed is-type-video is-provider-youtube wp-block-embed-youtube wp-embed-aspect-16-9 wp-has-aspect-ratio\"><div class=\"wp-block-embed__wrapper\">\n<iframe loading=\"lazy\" title=\"Paco Duke - Mister Johnny (clip officiel)\" width=\"500\" height=\"281\" src=\"https:\/\/www.youtube.com\/embed\/6afJ4hOzfeg?list=PL-f2H5v8wT02RlZ8V4YIWPLJUbQgsqInu\" frameborder=\"0\" allow=\"accelerometer; autoplay; clipboard-write; encrypted-media; gyroscope; picture-in-picture; web-share\" referrerpolicy=\"strict-origin-when-cross-origin\" allowfullscreen><\/iframe>\n<\/div><\/figure>\n\n\n\n<figure class=\"wp-block-embed is-type-video is-provider-youtube wp-block-embed-youtube wp-embed-aspect-16-9 wp-has-aspect-ratio\" style=\"margin-top:var(--wp--preset--spacing--80);margin-bottom:var(--wp--preset--spacing--80)\"><div class=\"wp-block-embed__wrapper\">\n<iframe loading=\"lazy\" title=\"Krys Holden - Better Day (official video)\" width=\"500\" height=\"281\" src=\"https:\/\/www.youtube.com\/embed\/dWCpc7Nseb8?list=PL-f2H5v8wT02RlZ8V4YIWPLJUbQgsqInu\" frameborder=\"0\" allow=\"accelerometer; autoplay; clipboard-write; encrypted-media; gyroscope; picture-in-picture; web-share\" referrerpolicy=\"strict-origin-when-cross-origin\" allowfullscreen><\/iframe>\n<\/div><\/figure>\n\n\n\n<figure class=\"wp-block-embed is-type-video is-provider-youtube wp-block-embed-youtube wp-embed-aspect-16-9 wp-has-aspect-ratio\"><div class=\"wp-block-embed__wrapper\">\n<iframe loading=\"lazy\" title=\"DCID2 - &#039;Lumi\u00e8re&#039; [Clip Officiel 2022] - Un Hymne Pop Rock \u00e0 la R\u00e9silience\" width=\"500\" height=\"281\" src=\"https:\/\/www.youtube.com\/embed\/NDRZueSObPs?list=PL-f2H5v8wT02RlZ8V4YIWPLJUbQgsqInu\" frameborder=\"0\" allow=\"accelerometer; autoplay; clipboard-write; encrypted-media; gyroscope; picture-in-picture; web-share\" referrerpolicy=\"strict-origin-when-cross-origin\" allowfullscreen><\/iframe>\n<\/div><\/figure>\n\n\n\n<figure class=\"wp-block-embed is-type-video is-provider-youtube wp-block-embed-youtube wp-embed-aspect-16-9 wp-has-aspect-ratio\" style=\"margin-top:var(--wp--preset--spacing--80);margin-bottom:var(--wp--preset--spacing--80)\"><div class=\"wp-block-embed__wrapper\">\n<iframe loading=\"lazy\" title=\"VISAVIS -  The Art of Collapse (official Video)\" width=\"500\" height=\"281\" src=\"https:\/\/www.youtube.com\/embed\/RBjDAREE6nM?list=PL-f2H5v8wT02RlZ8V4YIWPLJUbQgsqInu\" frameborder=\"0\" allow=\"accelerometer; autoplay; clipboard-write; encrypted-media; gyroscope; picture-in-picture; web-share\" referrerpolicy=\"strict-origin-when-cross-origin\" allowfullscreen><\/iframe>\n<\/div><\/figure>\n\n\n\n<figure class=\"wp-block-embed is-type-video is-provider-youtube wp-block-embed-youtube wp-embed-aspect-16-9 wp-has-aspect-ratio\"><div class=\"wp-block-embed__wrapper\">\n<iframe loading=\"lazy\" title=\"SE7ENTH - Avalon (Official Music Video)\" width=\"500\" height=\"281\" src=\"https:\/\/www.youtube.com\/embed\/oGjYlSicZVM?feature=oembed\" frameborder=\"0\" allow=\"accelerometer; autoplay; clipboard-write; encrypted-media; gyroscope; picture-in-picture; web-share\" referrerpolicy=\"strict-origin-when-cross-origin\" allowfullscreen><\/iframe>\n<\/div><\/figure>\n\n\n\n<figure class=\"wp-block-embed is-type-video is-provider-youtube wp-block-embed-youtube wp-embed-aspect-16-9 wp-has-aspect-ratio\" style=\"margin-top:var(--wp--preset--spacing--80);margin-bottom:var(--wp--preset--spacing--80)\"><div class=\"wp-block-embed__wrapper\">\n<iframe loading=\"lazy\" title=\"FRANKEUR - Chien de talus (Clip officiel)\" width=\"500\" height=\"281\" src=\"https:\/\/www.youtube.com\/embed\/y8L1tsLekJo?feature=oembed\" frameborder=\"0\" allow=\"accelerometer; autoplay; clipboard-write; encrypted-media; gyroscope; picture-in-picture; web-share\" referrerpolicy=\"strict-origin-when-cross-origin\" allowfullscreen><\/iframe>\n<\/div><\/figure>\n","protected":false},"excerpt":{"rendered":"<p>Clips<\/p>\n","protected":false},"author":1,"featured_media":0,"parent":0,"menu_order":0,"comment_status":"closed","ping_status":"closed","template":"","meta":{"saved_in_kubio":false,"footnotes":""},"class_list":["post-318","page","type-page","status-publish","hentry"],"kubio_ai_page_context":{"short_desc":"","purpose":"general"},"_links":{"self":[{"href":"https:\/\/scopandfolk.com\/index.php?rest_route=\/wp\/v2\/pages\/318","targetHints":{"allow":["GET"]}}],"collection":[{"href":"https:\/\/scopandfolk.com\/index.php?rest_route=\/wp\/v2\/pages"}],"about":[{"href":"https:\/\/scopandfolk.com\/index.php?rest_route=\/wp\/v2\/types\/page"}],"author":[{"embeddable":true,"href":"https:\/\/scopandfolk.com\/index.php?rest_route=\/wp\/v2\/users\/1"}],"replies":[{"embeddable":true,"href":"https:\/\/scopandfolk.com\/index.php?rest_route=%2Fwp%2Fv2%2Fcomments&post=318"}],"version-history":[{"count":16,"href":"https:\/\/scopandfolk.com\/index.php?rest_route=\/wp\/v2\/pages\/318\/revisions"}],"predecessor-version":[{"id":628,"href":"https:\/\/scopandfolk.com\/index.php?rest_route=\/wp\/v2\/pages\/318\/revisions\/628"}],"wp:attachment":[{"href":"https:\/\/scopandfolk.com\/index.php?rest_route=%2Fwp%2Fv2%2Fmedia&parent=318"}],"curies":[{"name":"wp","href":"https:\/\/api.w.org\/{rel}","templated":true}]}}